{"id":826,"date":"2022-12-26T11:05:48","date_gmt":"2022-12-26T10:05:48","guid":{"rendered":"https:\/\/www.feuerwehr-riedrode.de\/wordpress\/?page_id=826"},"modified":"2022-12-31T18:07:26","modified_gmt":"2022-12-31T17:07:26","slug":"mzf-2","status":"publish","type":"page","link":"https:\/\/www.feuerwehr-riedrode.de\/wordpress\/aktive\/fahrzeuge-2\/mzf-2\/","title":{"rendered":"MZF"},"content":{"rendered":"<p><\/p>\n<div class=\"vce-row-container\" data-vce-boxed-width=\"true\">\n<div id=\"el-fa8e1529\" class=\"vce-row vce-row--col-gap-30 vce-row-equal-height vce-row-content--top\" data-vce-do-apply=\"all el-fa8e1529\">\n<div class=\"vce-row-content\" data-vce-element-content=\"true\">\n<p>\u00a0<\/p>\n<div id=\"el-74109aaa\" class=\"vce-col vce-col--md-auto vce-col--xs-1 vce-col--xs-last vce-col--xs-first vce-col--sm-last vce-col--sm-first vce-col--md-last vce-col--lg-last vce-col--xl-last vce-col--md-first vce-col--lg-first vce-col--xl-first\">\n<div class=\"vce-col-inner\" data-vce-do-apply=\"border margin background  el-74109aaa\">\n<div class=\"vce-col-content\" data-vce-element-content=\"true\" data-vce-do-apply=\"padding el-74109aaa\">\n<p>\u00a0<\/p>\n<div class=\"vce-text-block\">\n<div id=\"el-db3366d4\" class=\"vce-text-block-wrapper vce\" data-vce-do-apply=\"all el-db3366d4\">\n<p>MZF \u2013 Mehrzweckfahrzeug<\/p>\n<p>\n<table id=\"tablepress-13\" class=\"tablepress tablepress-id-13\">\n<tbody class=\"row-striping row-hover\">\n<tr class=\"row-1\">\n\t<td class=\"column-1\">Fahrgestell<\/td><td class=\"column-2\">IVECO Daily 70-180 Hi-Matic mit Automatikgetriebe und teilbarer Ladebordwand<\/td>\n<\/tr>\n<tr class=\"row-2\">\n\t<td class=\"column-1\">Baujahr<\/td><td class=\"column-2\">2020<\/td>\n<\/tr>\n<tr class=\"row-3\">\n\t<td class=\"column-1\">Besatzung<\/td><td class=\"column-2\">6 Einsatzkr\u00e4fte<\/td>\n<\/tr>\n<tr class=\"row-4\">\n\t<td class=\"column-1\">Funkrufname<\/td><td class=\"column-2\">Florian B\u00fcrstadt 3\/59-1<\/td>\n<\/tr>\n<tr class=\"row-5\">\n\t<td class=\"column-1\">Aufgaben<\/td><td class=\"column-2\">Menschenrettung, Technische Hilfe, Beseitigung von Unwettersch\u00e4den, Wasserversorgung, Brandbek\u00e4mpfung, Nachschub, Logistik, Hygienekonzept<\/td>\n<\/tr>\n<\/tbody>\n<\/table>\n<!-- #tablepress-13 from cache --><\/p>\n<p>Unser MZF r\u00fcckt i.d.R. immer als zweites Fahrzeug zu den Eins\u00e4tzen aus. Ein Automatikgetriebe, R\u00fcckfahrkamera oder aber auch ein Navigationssystem machen das Fahrzeug zu einem sicheren und bequemen Fahrzeug f\u00fcr alle Einsatzkr\u00e4fte.<\/p>\n<p>Innerhalb der 2 festverbauten Ger\u00e4ter\u00e4ume befindet sich die feuerwehrtechnische Beladung zur technischen Hilfeleistung sowie zur Brandbek\u00e4mpfung.<\/p>\n<p>So sind neben einer Tragkraftspritze, einem Pulver- sowie einem Schauml\u00f6scher auch 4 Saugschl\u00e4uche, entsprechende wasserf\u00fchrende Armaturen und Druckschl\u00e4uche verlastet.<\/p>\n<p>Erg\u00e4nzend kommen eine Motorkettens\u00e4ge inklusive Schutzkleidung oder aber auch ein Beleuchtungsset, ein Stromerzeuger, eine Kabeltrommel sowie 4 Verkehrsleitkegel und 4 sog. Euroblitzer zum Absichern gegen den fliessenden Verkehrs hinzu.<\/p>\n<p>Neben den gut gef\u00fcllten Ger\u00e4ter\u00e4umen hat das Fahrzeug eine variabel nutzbare Ladefl\u00e4che inkl. einer klappbaren Ladebordwand mit einer Nutzlast von 1 Tonne. Diese Ladefl\u00e4che, mit einer Nutzlast von ca 1,5 Tonnen erm\u00f6glicht uns ein erweitertes Einsatzspektrum z.B. auch zum Sandsacktransport oder aber sonstigen Transportaufgaben.<\/p>\n<p>Aktuell k\u00f6nnen wir auf 4 Rollw\u00e4gen zur\u00fcckgreifen. Die sind im Einzelnen:<\/p>\n<ul>\n<li>1 Rollwagen \u201eSchlauch\u201c mit jeweils 10 B- und 10 C-Schl\u00e4uchen sowie wasserf\u00fchrenden Armaturen<\/li>\n<li>1 Rollwagen \u201eTechnische Hilfeleistung gro\u00df\u201c mit Hydraulischen Winden, R\u00fcstholz, Greifzug, Schlingen und Keilen<\/li>\n<li>1 Rollwagen \u201eTechnische Hilfeleistung klein\u201c mit Beleuchtungsset Powermoon, Kettens\u00e4ge, Stromerzeuger, Kabeltrommel, Absperrmaterial<\/li>\n<li>1 Rollwagen \u201eWasser\u201c mit 3 Tauchpumpen, Kabeltrommel, Schlauchmaterial oder einem Wassersauger<\/li>\n<\/ul>\n<\/div>\n<\/div>\n<p><\/p>\n<\/div>\n<\/div>\n<\/div>\n<p><\/p>\n<\/div>\n<\/div>\n<\/div>\n<p><\/p>\n<div class=\"vce-row-container\" data-vce-boxed-width=\"true\">\n<div id=\"el-367bc108\" class=\"vce-row vce-row--col-gap-30 vce-row-equal-height vce-row-content--top\" data-vce-do-apply=\"all el-367bc108\">\n<div class=\"vce-row-content\" data-vce-element-content=\"true\">\n<p>\u00a0<\/p>\n<div id=\"el-eb42eaef\" class=\"vce-col vce-col--md-auto vce-col--xs-1 vce-col--xs-last vce-col--xs-first vce-col--sm-last vce-col--sm-first vce-col--md-last vce-col--lg-last vce-col--xl-last vce-col--md-first vce-col--lg-first vce-col--xl-first\">\n<div class=\"vce-col-inner\" data-vce-do-apply=\"border margin background  el-eb42eaef\">\n<div class=\"vce-col-content\" data-vce-element-content=\"true\" data-vce-do-apply=\"padding el-eb42eaef\">\n<p>\u00a0<\/p>\n<\/div>\n<\/div>\n<\/div>\n<\/div>\n<\/div>\n<\/div>\n\n\n<div><\/div>\n\n\n<p><\/p>\n<p><\/p>","protected":false},"excerpt":{"rendered":"<p>\u00a0 \u00a0 MZF \u2013 Mehrzweckfahrzeug Unser MZF r\u00fcckt i.d.R. immer als zweites Fahrzeug zu den Eins\u00e4tzen aus. Ein Automatikgetriebe, R\u00fcckfahrkamera oder aber auch ein Navigationssystem machen das Fahrzeug zu einem sicheren und bequemen Fahrzeug f\u00fcr alle Einsatzkr\u00e4fte. Innerhalb der 2 festverbauten Ger\u00e4ter\u00e4ume befindet sich die feuerwehrtechnische Beladung zur technischen Hilfeleistung sowie zur Brandbek\u00e4mpfung. So sind &#8230; <a title=\"MZF\" class=\"read-more\" href=\"https:\/\/www.feuerwehr-riedrode.de\/wordpress\/aktive\/fahrzeuge-2\/mzf-2\/\" aria-label=\"Mehr Informationen \u00fcber MZF\">Weiterlesen<\/a><\/p>\n","protected":false},"author":3,"featured_media":828,"parent":116,"menu_order":-2,"comment_status":"closed","ping_status":"closed","template":"","meta":{"footnotes":""},"class_list":["post-826","page","type-page","status-publish","has-post-thumbnail"],"_links":{"self":[{"href":"https:\/\/www.feuerwehr-riedrode.de\/wordpress\/wp-json\/wp\/v2\/pages\/826","targetHints":{"allow":["GET"]}}],"collection":[{"href":"https:\/\/www.feuerwehr-riedrode.de\/wordpress\/wp-json\/wp\/v2\/pages"}],"about":[{"href":"https:\/\/www.feuerwehr-riedrode.de\/wordpress\/wp-json\/wp\/v2\/types\/page"}],"author":[{"embeddable":true,"href":"https:\/\/www.feuerwehr-riedrode.de\/wordpress\/wp-json\/wp\/v2\/users\/3"}],"replies":[{"embeddable":true,"href":"https:\/\/www.feuerwehr-riedrode.de\/wordpress\/wp-json\/wp\/v2\/comments?post=826"}],"version-history":[{"count":6,"href":"https:\/\/www.feuerwehr-riedrode.de\/wordpress\/wp-json\/wp\/v2\/pages\/826\/revisions"}],"predecessor-version":[{"id":895,"href":"https:\/\/www.feuerwehr-riedrode.de\/wordpress\/wp-json\/wp\/v2\/pages\/826\/revisions\/895"}],"up":[{"embeddable":true,"href":"https:\/\/www.feuerwehr-riedrode.de\/wordpress\/wp-json\/wp\/v2\/pages\/116"}],"wp:featuredmedia":[{"embeddable":true,"href":"https:\/\/www.feuerwehr-riedrode.de\/wordpress\/wp-json\/wp\/v2\/media\/828"}],"wp:attachment":[{"href":"https:\/\/www.feuerwehr-riedrode.de\/wordpress\/wp-json\/wp\/v2\/media?parent=826"}],"curies":[{"name":"wp","href":"https:\/\/api.w.org\/{rel}","templated":true}]}}