{"id":137,"date":"2018-02-19T17:56:48","date_gmt":"2018-02-19T16:56:48","guid":{"rendered":"http:\/\/www.feuerwehr-riedrode.de\/wordpress\/?page_id=137"},"modified":"2025-02-04T16:19:33","modified_gmt":"2025-02-04T15:19:33","slug":"mtf","status":"publish","type":"page","link":"https:\/\/www.feuerwehr-riedrode.de\/wordpress\/aktive\/fahrzeuge-2\/mtf\/","title":{"rendered":"MTF"},"content":{"rendered":"<p>MTF \u2013 Mannschaftstransportfahrzeug<\/p>\n\n<table id=\"tablepress-9\" class=\"tablepress tablepress-id-9\">\n<tbody class=\"row-striping row-hover\">\n<tr class=\"row-1\">\n\t<td class=\"column-1\">Fahrgestell<\/td><td class=\"column-2\">VW Crafter<\/td>\n<\/tr>\n<tr class=\"row-2\">\n\t<td class=\"column-1\">Baujahr<\/td><td class=\"column-2\">2024<\/td>\n<\/tr>\n<tr class=\"row-3\">\n\t<td class=\"column-1\">Besatzung<\/td><td class=\"column-2\">9 Einsatzkr\u00e4fte<\/td>\n<\/tr>\n<tr class=\"row-4\">\n\t<td class=\"column-1\">Funkrufname<\/td><td class=\"column-2\">Florian B\u00fcrstadt 3\/19-1<\/td>\n<\/tr>\n<tr class=\"row-5\">\n\t<td class=\"column-1\">Aufgaben<\/td><td class=\"column-2\">Erkundung, Zugfahrzeug f\u00fcr Anh\u00e4nger, Nachschub<\/td>\n<\/tr>\n<\/tbody>\n<\/table>\n<!-- #tablepress-9 from cache -->\n<p>Das MTF r\u00fcckt im Einsatzfall als Zugfahrzeug der Anh\u00e4nger aus und kann mit Einsatzkr\u00e4ften in der St\u00e4rke einer Gruppe (1\/8) besetzt werden.<\/p>\n<p>Zur Ausr\u00fcstung geh\u00f6ren unter anderem Handfunkger\u00e4te, Handlampen, Werkzeug, ein Feuerl\u00f6scher, Sanit\u00e4tsmaterial und Warnwesten.<\/p>\n","protected":false},"excerpt":{"rendered":"<p>MTF \u2013 Mannschaftstransportfahrzeug Das MTF r\u00fcckt im Einsatzfall als Zugfahrzeug der Anh\u00e4nger aus und kann mit Einsatzkr\u00e4ften in der St\u00e4rke einer Gruppe (1\/8) besetzt werden. Zur Ausr\u00fcstung geh\u00f6ren unter anderem Handfunkger\u00e4te, Handlampen, Werkzeug, ein Feuerl\u00f6scher, Sanit\u00e4tsmaterial und Warnwesten.<\/p>\n","protected":false},"author":6,"featured_media":1095,"parent":116,"menu_order":0,"comment_status":"closed","ping_status":"closed","template":"","meta":{"footnotes":""},"class_list":["post-137","page","type-page","status-publish","has-post-thumbnail"],"_links":{"self":[{"href":"https:\/\/www.feuerwehr-riedrode.de\/wordpress\/wp-json\/wp\/v2\/pages\/137","targetHints":{"allow":["GET"]}}],"collection":[{"href":"https:\/\/www.feuerwehr-riedrode.de\/wordpress\/wp-json\/wp\/v2\/pages"}],"about":[{"href":"https:\/\/www.feuerwehr-riedrode.de\/wordpress\/wp-json\/wp\/v2\/types\/page"}],"author":[{"embeddable":true,"href":"https:\/\/www.feuerwehr-riedrode.de\/wordpress\/wp-json\/wp\/v2\/users\/6"}],"replies":[{"embeddable":true,"href":"https:\/\/www.feuerwehr-riedrode.de\/wordpress\/wp-json\/wp\/v2\/comments?post=137"}],"version-history":[{"count":2,"href":"https:\/\/www.feuerwehr-riedrode.de\/wordpress\/wp-json\/wp\/v2\/pages\/137\/revisions"}],"predecessor-version":[{"id":1093,"href":"https:\/\/www.feuerwehr-riedrode.de\/wordpress\/wp-json\/wp\/v2\/pages\/137\/revisions\/1093"}],"up":[{"embeddable":true,"href":"https:\/\/www.feuerwehr-riedrode.de\/wordpress\/wp-json\/wp\/v2\/pages\/116"}],"wp:featuredmedia":[{"embeddable":true,"href":"https:\/\/www.feuerwehr-riedrode.de\/wordpress\/wp-json\/wp\/v2\/media\/1095"}],"wp:attachment":[{"href":"https:\/\/www.feuerwehr-riedrode.de\/wordpress\/wp-json\/wp\/v2\/media?parent=137"}],"curies":[{"name":"wp","href":"https:\/\/api.w.org\/{rel}","templated":true}]}}