{"id":131,"date":"2018-02-19T17:52:59","date_gmt":"2018-02-19T16:52:59","guid":{"rendered":"http:\/\/www.feuerwehr-riedrode.de\/wordpress\/?page_id=131"},"modified":"2022-12-26T13:24:30","modified_gmt":"2022-12-26T12:24:30","slug":"hlf-10-6","status":"publish","type":"page","link":"https:\/\/www.feuerwehr-riedrode.de\/wordpress\/aktive\/fahrzeuge-2\/hlf-10-6\/","title":{"rendered":"HLF 10\/6"},"content":{"rendered":"<p>HLF 10\/6 \u2013 Hilfeleistungsl\u00f6schgruppenfahrzeug 10\/6<\/p>\n\n<table id=\"tablepress-8\" class=\"tablepress tablepress-id-8\">\n<tbody class=\"row-striping row-hover\">\n<tr class=\"row-1\">\n\t<td class=\"column-1\">Fahrgestell<\/td><td class=\"column-2\">Mercedes-Benz Atego 1118 AF mit Automatikgetriebe<\/td>\n<\/tr>\n<tr class=\"row-2\">\n\t<td class=\"column-1\">Baujahr<\/td><td class=\"column-2\">2008<\/td>\n<\/tr>\n<tr class=\"row-3\">\n\t<td class=\"column-1\">Besatzung<\/td><td class=\"column-2\">9 Einsatzkr\u00e4fte<\/td>\n<\/tr>\n<tr class=\"row-4\">\n\t<td class=\"column-1\">Funkrufname<\/td><td class=\"column-2\">Florian B\u00fcrstadt 3\/43-1<\/td>\n<\/tr>\n<tr class=\"row-5\">\n\t<td class=\"column-1\">Aufgaben<\/td><td class=\"column-2\">Menschenrettung, Brandbek\u00e4mpfung, Technische Hilfe, Beseitigung von Unwettersch\u00e4den, Wasserversorgung, <\/td>\n<\/tr>\n<\/tbody>\n<\/table>\n<!-- #tablepress-8 from cache -->\n<p>Bei allen Eins\u00e4tzen r\u00fcckt das HLF 10\/6 als erstes Fahrzeug aus. Auf dem HLF 10\/6 finden Einsatzkr\u00e4fte in der St\u00e4rke einer Gruppe (1\/8) Platz. Bei Brandeins\u00e4tzen kann der L\u00f6schangriff vorab mit den an Bord mitgef\u00fchrten 1.000 Litern Wasser gestaltet werden, bis eine Wasserversorgung zum Fahrzeug aufgebaut ist. Bei technischen Hilfeleistungen kommen der hydraulische Rettungssatz, der Stromerzeuger sowie umfangreiches Werkzeug sowie eine Schmutzwasserpumpe und ein Wassersauger zum Einsatz. Der im Aufbau integrierte Lichtmast mit 2 x 1.000 Watt Strahlern sorgt f\u00fcr eine schnelle und effektive Ausleuchtung.<\/p>\n<p>Zur Ausr\u00fcstung geh\u00f6ren unter anderem vier Pressluftatmer mit Notfallsignalgeber und Rettungsholster, f\u00fcnf 2m Handfunkger\u00e4te mit Handsprechgarnitur \u2013 eines davon explosionsgesch\u00fctzt, ein Gaswarnger\u00e4t, eine Schnellangriffsleitung, zwei Verteiler, Hohlstrahlrohre mit Schlauchtragek\u00f6rben, ein Hydroschild, ein Kombilschaumrohr mit Zubeh\u00f6r, ein \u00dcberdruckl\u00fcfter, ein Stromerzeuger 13 kvA, ein hydraulischer Rettungssatz mit Zubeh\u00f6r, ein Rettungsteleskopzylinder mit Zubeh\u00f6r, ein Trennschleifer, eine Pendelhubs\u00e4ge, Unterbaumaterial, ein Lichtsatz, eine Motorkettens\u00e4ge + Schutzausr\u00fcstung, standardm\u00e4\u00dfiges Schlauch- und Strahlrohrmaterial, eine vierteilige Steckleiter, eine Tauchpumpe, ein Wassersauger, \u00d6lbindemittel, Werkzeug sowie Verkehrssicherungs- und Auffangmaterial.<\/p>\n","protected":false},"excerpt":{"rendered":"<p>HLF 10\/6 \u2013 Hilfeleistungsl\u00f6schgruppenfahrzeug 10\/6 Bei allen Eins\u00e4tzen r\u00fcckt das HLF 10\/6 als erstes Fahrzeug aus. Auf dem HLF 10\/6 finden Einsatzkr\u00e4fte in der St\u00e4rke einer Gruppe (1\/8) Platz. Bei Brandeins\u00e4tzen kann der L\u00f6schangriff vorab mit den an Bord mitgef\u00fchrten 1.000 Litern Wasser gestaltet werden, bis eine Wasserversorgung zum Fahrzeug aufgebaut ist. Bei technischen Hilfeleistungen &#8230; <a title=\"HLF 10\/6\" class=\"read-more\" href=\"https:\/\/www.feuerwehr-riedrode.de\/wordpress\/aktive\/fahrzeuge-2\/hlf-10-6\/\" aria-label=\"Mehr Informationen \u00fcber HLF 10\/6\">Weiterlesen<\/a><\/p>\n","protected":false},"author":6,"featured_media":125,"parent":116,"menu_order":0,"comment_status":"closed","ping_status":"closed","template":"","meta":{"footnotes":""},"class_list":["post-131","page","type-page","status-publish","has-post-thumbnail"],"_links":{"self":[{"href":"https:\/\/www.feuerwehr-riedrode.de\/wordpress\/wp-json\/wp\/v2\/pages\/131","targetHints":{"allow":["GET"]}}],"collection":[{"href":"https:\/\/www.feuerwehr-riedrode.de\/wordpress\/wp-json\/wp\/v2\/pages"}],"about":[{"href":"https:\/\/www.feuerwehr-riedrode.de\/wordpress\/wp-json\/wp\/v2\/types\/page"}],"author":[{"embeddable":true,"href":"https:\/\/www.feuerwehr-riedrode.de\/wordpress\/wp-json\/wp\/v2\/users\/6"}],"replies":[{"embeddable":true,"href":"https:\/\/www.feuerwehr-riedrode.de\/wordpress\/wp-json\/wp\/v2\/comments?post=131"}],"version-history":[{"count":2,"href":"https:\/\/www.feuerwehr-riedrode.de\/wordpress\/wp-json\/wp\/v2\/pages\/131\/revisions"}],"predecessor-version":[{"id":861,"href":"https:\/\/www.feuerwehr-riedrode.de\/wordpress\/wp-json\/wp\/v2\/pages\/131\/revisions\/861"}],"up":[{"embeddable":true,"href":"https:\/\/www.feuerwehr-riedrode.de\/wordpress\/wp-json\/wp\/v2\/pages\/116"}],"wp:featuredmedia":[{"embeddable":true,"href":"https:\/\/www.feuerwehr-riedrode.de\/wordpress\/wp-json\/wp\/v2\/media\/125"}],"wp:attachment":[{"href":"https:\/\/www.feuerwehr-riedrode.de\/wordpress\/wp-json\/wp\/v2\/media?parent=131"}],"curies":[{"name":"wp","href":"https:\/\/api.w.org\/{rel}","templated":true}]}}