{"id":1228,"date":"2025-12-19T16:22:06","date_gmt":"2025-12-19T15:22:06","guid":{"rendered":"https:\/\/www.feuerwehr-riedrode.de\/wordpress\/?page_id=1228"},"modified":"2025-12-29T23:27:56","modified_gmt":"2025-12-29T22:27:56","slug":"partnerfeuerwehren","status":"publish","type":"page","link":"https:\/\/www.feuerwehr-riedrode.de\/wordpress\/partnerfeuerwehren\/","title":{"rendered":"Partnerfeuerwehren"},"content":{"rendered":"\n<p>Bereits \u00fcber viele Jahre hinweg sind wir mit zwei Feuerwehren freundschaftlich verbunden. Mit gegenseitigen Besuchen zu Festivit\u00e4ten und regelm\u00e4\u00dfigem Austausch unter den Mitgliedern pflegen wir diese traditionelle Freundschaft. <\/p>\n\n\n\n<div class=\"wp-block-columns is-layout-flex wp-container-core-columns-is-layout-9d6595d7 wp-block-columns-is-layout-flex\">\n<div class=\"wp-block-column is-layout-flow wp-block-column-is-layout-flow\"><div class=\"wp-block-image\">\n<figure class=\"aligncenter size-full\"><a href=\"https:\/\/www.facebook.com\/FeuerwehrWindischleuba\" target=\"_blank\" rel=\" noreferrer noopener\"><img loading=\"lazy\" decoding=\"async\" width=\"150\" height=\"178\" src=\"https:\/\/www.feuerwehr-riedrode.de\/wordpress\/wp-content\/uploads\/2025\/12\/IMG-20251229-WA0003-1.jpg\" alt=\"\" class=\"wp-image-1246\"\/><\/a><\/figure>\n<\/div><\/div>\n\n\n\n<div class=\"wp-block-column is-layout-flow wp-block-column-is-layout-flow\"><div class=\"wp-block-image\">\n<figure class=\"aligncenter size-full\"><a href=\"https:\/\/www.feuerwehr-meerbusch.de\/osterath\/\" target=\"_blank\" rel=\" noreferrer noopener\"><img loading=\"lazy\" decoding=\"async\" width=\"300\" height=\"177\" src=\"https:\/\/www.feuerwehr-riedrode.de\/wordpress\/wp-content\/uploads\/2025\/12\/FW-Meerbusch_RGB-300x177-1.jpg\" alt=\"\" class=\"wp-image-1244\"\/><\/a><\/figure>\n<\/div><\/div>\n<\/div>\n\n\n\n<p class=\"has-medium-font-size\"><\/p>\n\n\n\n<div class=\"wp-block-columns is-layout-flex wp-container-core-columns-is-layout-9d6595d7 wp-block-columns-is-layout-flex\">\n<div class=\"wp-block-column is-layout-flow wp-block-column-is-layout-flow\">\n<p><strong><a href=\"https:\/\/www.facebook.com\/FeuerwehrWindischleuba\" data-type=\"link\" data-id=\"https:\/\/www.facebook.com\/FeuerwehrWindischleuba\" target=\"_blank\" rel=\"noreferrer noopener\">Freiwillige Feuerwehr Windischleuba<\/a><\/strong><br>Th\u00fcringen<\/p>\n<\/div>\n\n\n\n<div class=\"wp-block-column is-layout-flow wp-block-column-is-layout-flow\">\n<p><strong><a href=\"https:\/\/www.feuerwehr-meerbusch.de\/osterath\/\" data-type=\"link\" data-id=\"https:\/\/www.feuerwehr-meerbusch.de\/osterath\/\" target=\"_blank\" rel=\"noreferrer noopener\">Freiwillige Feuerwehr Meerbusch<br>L\u00f6schzug Osterath<\/a><\/strong><br>Nordrhein-Westfalen<\/p>\n<\/div>\n<\/div>\n\n\n\n<p><\/p>\n","protected":false},"excerpt":{"rendered":"<p>Bereits \u00fcber viele Jahre hinweg sind wir mit zwei Feuerwehren freundschaftlich verbunden. Mit gegenseitigen Besuchen zu Festivit\u00e4ten und regelm\u00e4\u00dfigem Austausch unter den Mitgliedern pflegen wir diese traditionelle Freundschaft. Freiwillige Feuerwehr WindischleubaTh\u00fcringen Freiwillige Feuerwehr MeerbuschL\u00f6schzug OsterathNordrhein-Westfalen<\/p>\n","protected":false},"author":3,"featured_media":0,"parent":0,"menu_order":0,"comment_status":"closed","ping_status":"closed","template":"","meta":{"footnotes":""},"class_list":["post-1228","page","type-page","status-publish"],"_links":{"self":[{"href":"https:\/\/www.feuerwehr-riedrode.de\/wordpress\/wp-json\/wp\/v2\/pages\/1228","targetHints":{"allow":["GET"]}}],"collection":[{"href":"https:\/\/www.feuerwehr-riedrode.de\/wordpress\/wp-json\/wp\/v2\/pages"}],"about":[{"href":"https:\/\/www.feuerwehr-riedrode.de\/wordpress\/wp-json\/wp\/v2\/types\/page"}],"author":[{"embeddable":true,"href":"https:\/\/www.feuerwehr-riedrode.de\/wordpress\/wp-json\/wp\/v2\/users\/3"}],"replies":[{"embeddable":true,"href":"https:\/\/www.feuerwehr-riedrode.de\/wordpress\/wp-json\/wp\/v2\/comments?post=1228"}],"version-history":[{"count":6,"href":"https:\/\/www.feuerwehr-riedrode.de\/wordpress\/wp-json\/wp\/v2\/pages\/1228\/revisions"}],"predecessor-version":[{"id":1249,"href":"https:\/\/www.feuerwehr-riedrode.de\/wordpress\/wp-json\/wp\/v2\/pages\/1228\/revisions\/1249"}],"wp:attachment":[{"href":"https:\/\/www.feuerwehr-riedrode.de\/wordpress\/wp-json\/wp\/v2\/media?parent=1228"}],"curies":[{"name":"wp","href":"https:\/\/api.w.org\/{rel}","templated":true}]}}