{"id":1219,"date":"2025-12-18T22:43:58","date_gmt":"2025-12-18T21:43:58","guid":{"rendered":"https:\/\/www.feuerwehr-riedrode.de\/wordpress\/?page_id=1219"},"modified":"2026-03-15T21:33:54","modified_gmt":"2026-03-15T20:33:54","slug":"75jahrefeuerwehrriedrode","status":"publish","type":"page","link":"https:\/\/www.feuerwehr-riedrode.de\/wordpress\/beitraege\/75jahrefeuerwehrriedrode\/","title":{"rendered":"75 Jahre Feuerwehr Riedrode"},"content":{"rendered":"\n<p>2027 wird f\u00fcr uns ein ganz besonderes Jahr: Die Feuerwehr Riedrode wird 75 Jahre alt!<\/p>\n\n\n\n<p>Das m\u00f6chten wir nat\u00fcrlich gemeinsam mit euch feiern. Ein paar Termine k\u00f6nnt ihr euch schon jetzt vormerken \u2013 weitere Infos folgen im Laufe der Zeit.<\/p>\n\n\n\n<p>Unsere ersten Ecktermine:<\/p>\n\n\n\n<ul class=\"wp-block-list\">\n<li>09.01.2027 \u2013 Christbaum-Weitwurf-Event (im Anschluss an die Christbaumsammelaktion)<\/li>\n\n\n\n<li>07.02.2027 \u2013 Teilnahme am Fastnachtsumzug in B\u00fcrstadt.<\/li>\n\n\n\n<li>15.05.2027 \u2013 Lauf-Event rund ums Feuerwehrhaus<\/li>\n\n\n\n<li>16.05.2027 \u2013 Tag der offenen T\u00fcr<\/li>\n\n\n\n<li>15.10.2027 \u2013 Oktoberfest im B\u00fcrgerhaus Riedrode<\/li>\n<\/ul>\n\n\n\n<p>Merkt euch die Termine schon einmal vor \u2013 wir freuen uns auf ein tolles Jubil\u00e4umsjahr mit euch!<\/p>\n\n\n\n<figure class=\"wp-block-image size-full\"><img loading=\"lazy\" decoding=\"async\" width=\"720\" height=\"480\" src=\"https:\/\/www.feuerwehr-riedrode.de\/wordpress\/wp-content\/uploads\/2026\/03\/75-Jahre-FF-Riedrode-loading-klein.jpg\" alt=\"\" class=\"wp-image-1296\" srcset=\"https:\/\/www.feuerwehr-riedrode.de\/wordpress\/wp-content\/uploads\/2026\/03\/75-Jahre-FF-Riedrode-loading-klein.jpg 720w, https:\/\/www.feuerwehr-riedrode.de\/wordpress\/wp-content\/uploads\/2026\/03\/75-Jahre-FF-Riedrode-loading-klein-300x200.jpg 300w, https:\/\/www.feuerwehr-riedrode.de\/wordpress\/wp-content\/uploads\/2026\/03\/75-Jahre-FF-Riedrode-loading-klein-320x213.jpg 320w, https:\/\/www.feuerwehr-riedrode.de\/wordpress\/wp-content\/uploads\/2026\/03\/75-Jahre-FF-Riedrode-loading-klein-480x320.jpg 480w\" sizes=\"auto, (max-width: 720px) 100vw, 720px\" \/><\/figure>\n","protected":false},"excerpt":{"rendered":"<p>2027 wird f\u00fcr uns ein ganz besonderes Jahr: Die Feuerwehr Riedrode wird 75 Jahre alt! Das m\u00f6chten wir nat\u00fcrlich gemeinsam mit euch feiern. Ein paar Termine k\u00f6nnt ihr euch schon jetzt vormerken \u2013 weitere Infos folgen im Laufe der Zeit. Unsere ersten Ecktermine: Merkt euch die Termine schon einmal vor \u2013 wir freuen uns auf &#8230; <a title=\"75 Jahre Feuerwehr Riedrode\" class=\"read-more\" href=\"https:\/\/www.feuerwehr-riedrode.de\/wordpress\/beitraege\/75jahrefeuerwehrriedrode\/\" aria-label=\"Mehr Informationen \u00fcber 75 Jahre Feuerwehr Riedrode\">Weiterlesen<\/a><\/p>\n","protected":false},"author":3,"featured_media":0,"parent":187,"menu_order":0,"comment_status":"closed","ping_status":"closed","template":"","meta":{"footnotes":""},"class_list":["post-1219","page","type-page","status-publish"],"_links":{"self":[{"href":"https:\/\/www.feuerwehr-riedrode.de\/wordpress\/wp-json\/wp\/v2\/pages\/1219","targetHints":{"allow":["GET"]}}],"collection":[{"href":"https:\/\/www.feuerwehr-riedrode.de\/wordpress\/wp-json\/wp\/v2\/pages"}],"about":[{"href":"https:\/\/www.feuerwehr-riedrode.de\/wordpress\/wp-json\/wp\/v2\/types\/page"}],"author":[{"embeddable":true,"href":"https:\/\/www.feuerwehr-riedrode.de\/wordpress\/wp-json\/wp\/v2\/users\/3"}],"replies":[{"embeddable":true,"href":"https:\/\/www.feuerwehr-riedrode.de\/wordpress\/wp-json\/wp\/v2\/comments?post=1219"}],"version-history":[{"count":4,"href":"https:\/\/www.feuerwehr-riedrode.de\/wordpress\/wp-json\/wp\/v2\/pages\/1219\/revisions"}],"predecessor-version":[{"id":1297,"href":"https:\/\/www.feuerwehr-riedrode.de\/wordpress\/wp-json\/wp\/v2\/pages\/1219\/revisions\/1297"}],"up":[{"embeddable":true,"href":"https:\/\/www.feuerwehr-riedrode.de\/wordpress\/wp-json\/wp\/v2\/pages\/187"}],"wp:attachment":[{"href":"https:\/\/www.feuerwehr-riedrode.de\/wordpress\/wp-json\/wp\/v2\/media?parent=1219"}],"curies":[{"name":"wp","href":"https:\/\/api.w.org\/{rel}","templated":true}]}}